{"id":63,"date":"2015-11-24T19:57:17","date_gmt":"2015-11-24T19:57:17","guid":{"rendered":"https:\/\/konsultant-krajowy.pl\/?page_id=63"},"modified":"2016-02-12T07:10:57","modified_gmt":"2016-02-12T07:10:57","slug":"zadania","status":"publish","type":"page","link":"https:\/\/konsultant-krajowy.pl\/?page_id=63","title":{"rendered":"Zadania"},"content":{"rendered":"<p>Dzi\u0119ki powo\u0142aniu Zespo\u0142u Doradc\u00f3w, kt\u00f3rego cz\u0142onkowie wywodz\u0105 si\u0119 ze wszystkich \u015brodowisk i wszystkich region\u00f3w kraju mo\u017cliwe jest opracowanie programu dzia\u0142ania w zakresie wyznaczania priorytet\u00f3w, niezale\u017cnie od zada\u0144 zleconych przez Ministerstwo jak i inne organy centralne i regionalne. Pozwoli\u0142o to na opracowanie najwa\u017cniejszych, priorytetowych zada\u0144, kt\u00f3re b\u0119d\u0105 systematycznie realizowane. Nale\u017cy do nich zaliczy\u0107:<\/p>\n<ol>\n<li>Sfinalizowanie, w oparciu o procedury medyczne realizowane wsp\u00f3lnie w obszarach otorynolaryngologii, audiologii i foniatrii oraz otolaryngologii dzieci\u0119cej, prac maj\u0105cych na celu ocen\u0119 koszt\u00f3w funkcjonowania poszczeg\u00f3lnych jednostek. Wi\u0105za\u0142o si\u0119 to z doprecyzowaniem wielu procedur medycznych oraz ich jako\u015bciow\u0105 ocen\u0105 co zosta\u0142o przedstawione w Centrali NFZ.<\/li>\n<li>Ocena potrzeb kadrowych w perspektywie\u00a0 najbli\u017cszych i dalszych lat na poziomie wojew\u00f3dzkim i centralnym, kt\u00f3ra b\u0119dzie podstaw\u0105 do opracowania programu rozmieszczania rezydentur specjalizacyjnych w poszczeg\u00f3lnych regionach kraju;<\/li>\n<li>Rozpocz\u0119cie prac nad weryfikacj\u0105 i przygotowaniem programu specjalizacji, kt\u00f3ry b\u0119dzie odpowiada\u0142 aktualnym mo\u017cliwo\u015bciom o\u015brodk\u00f3w prowadz\u0105cych specjalizacje, b\u0119d\u0105cego jednocze\u015bnie wynikiem uwarunkowa\u0144 kontraktowania us\u0142ug przez NFZ. Jednym z zasadniczych punkt\u00f3w b\u0119dzie skr\u00f3cenie czasu trwania specjalizacji w celu obni\u017cenia jej koszt\u00f3w;<\/li>\n<li>Dostosowanie programu\u00a0 kurs\u00f3w specjalistycznych odpowiadaj\u0105cych zasadom przyj\u0119tym w krajach UE i pozwalaj\u0105cych na dobre przygotowanie os\u00f3b zainteresowanych zdawaniem europejskiego egzaminu specjalizacyjnego zgodnie z wymogami europejskimi;<\/li>\n<li>Uruchomienie nowoczesnych form teleedukacji dla potrzeb szkolenia specjalizuj\u0105cych si\u0119 i doskonal\u0105cych swoje umiej\u0119tno\u015bci w pierwszej kolejno\u015bci w zakresie oto-, fono- i rynochirurgii;<\/li>\n<li>Przyj\u0119cie w wyniku wsp\u00f3\u0142pracy 3 Konsultant\u00f3w \u015brodowiska krajowego otorynolaryngolog\u00f3w, we wsp\u00f3\u0142pracy z audiologami i foniatrami oraz otolaryngologami dzieci\u0119cymi, do rozpocz\u0119cia wdra\u017cania do medycyny szkolnej powszechnych program\u00f3w wczesnego wykrywania zaburze\u0144 narz\u0105d\u00f3w zmys\u0142\u00f3w u dzieci rozpoczynaj\u0105cych obowi\u0105zek szkolny. Wynika to przyj\u0119tej przez Parlament UE konkluzji zaproponowanej przez Konsultanta Krajowego.<\/li>\n<li>Wprowadzenie do Komitetu Nauk Klinicznych PAN licznego grona przedstawicieli w celu kreatywnego reprezentowania problem\u00f3w i osi\u0105gni\u0119\u0107 w tym obszarze nauk medycznych i medycyny praktycznej;<\/li>\n<li>Podj\u0119cie sta\u0142ej pracy dla potrzeb uznania dzia\u0142ania zespo\u0142u ekspert\u00f3w nad weryfikacj\u0105 i wycen\u0105 Jednorodnych Grup Pacjent\u00f3w (JPG), co pozwoli na w\u0142a\u015bciwe umocowanie i warto\u015bciowanie tej specjalno\u015bci. W szczeg\u00f3lno\u015bci chodzi o doprecyzowanie wielu procedur, kt\u00f3re obecnie s\u0105 realizowane do\u015b\u0107 r\u00f3\u017cnie.<\/li>\n<li>Jednym z zasadniczych zada\u0144, by\u0142o w pe\u0142ni uruchomienie pierwszej w \u015bwiecie krajowej sieci telemedycyny co podnosi jako\u015b\u0107 i zakres \u015bwiadcze\u0144 medycznych na rzecz os\u00f3b z zaburzeniami s\u0142uchu, g\u0142osu i mowy. Powinno to mie\u0107 zasadniczy wp\u0142yw na ostateczne efekty terapii, gdy rehabilitacja b\u0119dzie odbywa\u0142a si\u0119 mo\u017cliwie blisko miejsca zamieszkania. W tym celu uruchomiono\u00a0 dwa unikalne centra videokonferencyjne, kt\u00f3re mog\u0105 realizuj\u0105 dowolny program telediagnostyki, telerehabilitacji i teleedukacji w wymiarze krajowym i mi\u0119dzynarodowym. W minionym okresie pozwoli\u0142o to na organizacyjne sprawdzenie dzia\u0142aj\u0105cego w Instytucie Fizjologii i Patologii S\u0142uchu systemu zarz\u0105dzania prawie ka\u017cdego chorego.<\/li>\n<\/ol>\n","protected":false},"excerpt":{"rendered":"<p>Dzi\u0119ki powo\u0142aniu Zespo\u0142u Doradc\u00f3w, kt\u00f3rego cz\u0142onkowie wywodz\u0105 si\u0119 ze wszystkich \u015brodowisk i wszystkich region\u00f3w kraju mo\u017cliwe jest opracowanie programu dzia\u0142ania w zakresie wyznaczania priorytet\u00f3w, niezale\u017cnie od zada\u0144 zleconych przez Ministerstwo jak i inne organy centralne i regionalne. Pozwoli\u0142o to na opracowanie najwa\u017cniejszych, priorytetowych zada\u0144, kt\u00f3re b\u0119d\u0105 systematycznie realizowane. Nale\u017cy do nich zaliczy\u0107: Sfinalizowanie, w oparciu<br \/><a class=\"moretag\" href=\"https:\/\/konsultant-krajowy.pl\/?page_id=63\">+ Read More<\/a><\/p>\n","protected":false},"author":1,"featured_media":0,"parent":19,"menu_order":0,"comment_status":"closed","ping_status":"closed","template":"","meta":{"jetpack_post_was_ever_published":false,"footnotes":""},"class_list":["post-63","page","type-page","status-publish","hentry"],"jetpack_sharing_enabled":true,"jetpack_shortlink":"https:\/\/wp.me\/P7lyFN-11","_links":{"self":[{"href":"https:\/\/konsultant-krajowy.pl\/index.php?rest_route=\/wp\/v2\/pages\/63"}],"collection":[{"href":"https:\/\/konsultant-krajowy.pl\/index.php?rest_route=\/wp\/v2\/pages"}],"about":[{"href":"https:\/\/konsultant-krajowy.pl\/index.php?rest_route=\/wp\/v2\/types\/page"}],"author":[{"embeddable":true,"href":"https:\/\/konsultant-krajowy.pl\/index.php?rest_route=\/wp\/v2\/users\/1"}],"replies":[{"embeddable":true,"href":"https:\/\/konsultant-krajowy.pl\/index.php?rest_route=%2Fwp%2Fv2%2Fcomments&post=63"}],"version-history":[{"count":2,"href":"https:\/\/konsultant-krajowy.pl\/index.php?rest_route=\/wp\/v2\/pages\/63\/revisions"}],"predecessor-version":[{"id":162,"href":"https:\/\/konsultant-krajowy.pl\/index.php?rest_route=\/wp\/v2\/pages\/63\/revisions\/162"}],"up":[{"embeddable":true,"href":"https:\/\/konsultant-krajowy.pl\/index.php?rest_route=\/wp\/v2\/pages\/19"}],"wp:attachment":[{"href":"https:\/\/konsultant-krajowy.pl\/index.php?rest_route=%2Fwp%2Fv2%2Fmedia&parent=63"}],"curies":[{"name":"wp","href":"https:\/\/api.w.org\/{rel}","templated":true}]}}