{"id":57,"date":"2015-11-24T19:55:47","date_gmt":"2015-11-24T19:55:47","guid":{"rendered":"https:\/\/konsultant-krajowy.pl\/?page_id=57"},"modified":"2016-04-03T18:36:10","modified_gmt":"2016-04-03T18:36:10","slug":"szkolenia","status":"publish","type":"page","link":"https:\/\/konsultant-krajowy.pl\/?page_id=57","title":{"rendered":"Szkolenia"},"content":{"rendered":"<p>Wykaz kurs\u00f3w specjalizacyjnych i doskonal\u0105cych znajduje si\u0119 na stornie Centrum Medycznego Kszta\u0142cenia Podyplomowego. (<a href=\"http:\/\/cmkp.edu.pl\">http:\/\/cmkp.edu.pl<\/a>)<\/p>\n<ol>\n<li>Kursy specjalizacyjne &#8211; (<a href=\"http:\/\/cmkp.edu.pl\/str\/dziedziny.php?kat=3&amp;rok=2013\">http:\/\/cmkp.edu.pl\/str\/dziedziny.php?kat=3&amp;rok=2013<\/a>)<\/li>\n<li>Kursy doszkalaj\u0105ce &#8211; <a href=\"http:\/\/cmkp.edu.pl\/str\/kursy.php?kat=228&amp;rok=2013&amp;hdr=dosk\">http:\/\/cmkp.edu.pl\/str\/kursy.php?kat=228&amp;rok=2013&amp;hdr=dosk<\/a><\/li>\n<\/ol>\n","protected":false},"excerpt":{"rendered":"<p>Wykaz kurs\u00f3w specjalizacyjnych i doskonal\u0105cych znajduje si\u0119 na stornie Centrum Medycznego Kszta\u0142cenia Podyplomowego. (http:\/\/cmkp.edu.pl) Kursy specjalizacyjne &#8211; (http:\/\/cmkp.edu.pl\/str\/dziedziny.php?kat=3&amp;rok=2013) Kursy doszkalaj\u0105ce &#8211; http:\/\/cmkp.edu.pl\/str\/kursy.php?kat=228&amp;rok=2013&amp;hdr=dosk<\/p>\n","protected":false},"author":1,"featured_media":0,"parent":22,"menu_order":0,"comment_status":"closed","ping_status":"closed","template":"","meta":{"jetpack_post_was_ever_published":false,"footnotes":""},"class_list":["post-57","page","type-page","status-publish","hentry"],"jetpack_sharing_enabled":true,"jetpack_shortlink":"https:\/\/wp.me\/P7lyFN-V","_links":{"self":[{"href":"https:\/\/konsultant-krajowy.pl\/index.php?rest_route=\/wp\/v2\/pages\/57"}],"collection":[{"href":"https:\/\/konsultant-krajowy.pl\/index.php?rest_route=\/wp\/v2\/pages"}],"about":[{"href":"https:\/\/konsultant-krajowy.pl\/index.php?rest_route=\/wp\/v2\/types\/page"}],"author":[{"embeddable":true,"href":"https:\/\/konsultant-krajowy.pl\/index.php?rest_route=\/wp\/v2\/users\/1"}],"replies":[{"embeddable":true,"href":"https:\/\/konsultant-krajowy.pl\/index.php?rest_route=%2Fwp%2Fv2%2Fcomments&post=57"}],"version-history":[{"count":2,"href":"https:\/\/konsultant-krajowy.pl\/index.php?rest_route=\/wp\/v2\/pages\/57\/revisions"}],"predecessor-version":[{"id":175,"href":"https:\/\/konsultant-krajowy.pl\/index.php?rest_route=\/wp\/v2\/pages\/57\/revisions\/175"}],"up":[{"embeddable":true,"href":"https:\/\/konsultant-krajowy.pl\/index.php?rest_route=\/wp\/v2\/pages\/22"}],"wp:attachment":[{"href":"https:\/\/konsultant-krajowy.pl\/index.php?rest_route=%2Fwp%2Fv2%2Fmedia&parent=57"}],"curies":[{"name":"wp","href":"https:\/\/api.w.org\/{rel}","templated":true}]}}