{"id":55,"date":"2015-11-24T19:55:22","date_gmt":"2015-11-24T19:55:22","guid":{"rendered":"https:\/\/konsultant-krajowy.pl\/?page_id=55"},"modified":"2015-11-24T19:55:22","modified_gmt":"2015-11-24T19:55:22","slug":"programy-specjalizacji","status":"publish","type":"page","link":"https:\/\/konsultant-krajowy.pl\/?page_id=55","title":{"rendered":"Programy specjalizacji"},"content":{"rendered":"<p>Program specjalizacji w Otorynolaryngologii dla lekarzy posiadaj\u0105cych specjalizacj\u0119 I stopnia w otolaryngologii (<a href=\"https:\/\/konsultant-krajowy.pl\/doc\/otorynolaryngologia2.pdf\" target=\"_blank\">za\u0142\u0105cznik PDF<\/a>)<\/p>\n<p>Program specjalizacji w Otorynolaryngologii dla lekarzy po sta\u017cu dyplomowym (bez specjalizacji) (<a href=\"https:\/\/konsultant-krajowy.pl\/doc\/otorynolaryngologia1.pdf\" target=\"_blank\">za\u0142\u0105cznik PDF<\/a>)<\/p>\n","protected":false},"excerpt":{"rendered":"<p>Program specjalizacji w Otorynolaryngologii dla lekarzy posiadaj\u0105cych specjalizacj\u0119 I stopnia w otolaryngologii (za\u0142\u0105cznik PDF) Program specjalizacji w Otorynolaryngologii dla lekarzy po sta\u017cu dyplomowym (bez specjalizacji) (za\u0142\u0105cznik PDF)<\/p>\n","protected":false},"author":1,"featured_media":0,"parent":22,"menu_order":0,"comment_status":"closed","ping_status":"closed","template":"","meta":{"jetpack_post_was_ever_published":false,"footnotes":""},"class_list":["post-55","page","type-page","status-publish","hentry"],"jetpack_sharing_enabled":true,"jetpack_shortlink":"https:\/\/wp.me\/P7lyFN-T","_links":{"self":[{"href":"https:\/\/konsultant-krajowy.pl\/index.php?rest_route=\/wp\/v2\/pages\/55"}],"collection":[{"href":"https:\/\/konsultant-krajowy.pl\/index.php?rest_route=\/wp\/v2\/pages"}],"about":[{"href":"https:\/\/konsultant-krajowy.pl\/index.php?rest_route=\/wp\/v2\/types\/page"}],"author":[{"embeddable":true,"href":"https:\/\/konsultant-krajowy.pl\/index.php?rest_route=\/wp\/v2\/users\/1"}],"replies":[{"embeddable":true,"href":"https:\/\/konsultant-krajowy.pl\/index.php?rest_route=%2Fwp%2Fv2%2Fcomments&post=55"}],"version-history":[{"count":1,"href":"https:\/\/konsultant-krajowy.pl\/index.php?rest_route=\/wp\/v2\/pages\/55\/revisions"}],"predecessor-version":[{"id":56,"href":"https:\/\/konsultant-krajowy.pl\/index.php?rest_route=\/wp\/v2\/pages\/55\/revisions\/56"}],"up":[{"embeddable":true,"href":"https:\/\/konsultant-krajowy.pl\/index.php?rest_route=\/wp\/v2\/pages\/22"}],"wp:attachment":[{"href":"https:\/\/konsultant-krajowy.pl\/index.php?rest_route=%2Fwp%2Fv2%2Fmedia&parent=55"}],"curies":[{"name":"wp","href":"https:\/\/api.w.org\/{rel}","templated":true}]}}