{"id":33,"date":"2015-11-24T19:45:15","date_gmt":"2015-11-24T19:45:15","guid":{"rendered":"https:\/\/konsultant-krajowy.pl\/?page_id=33"},"modified":"2016-02-12T07:04:55","modified_gmt":"2016-02-12T07:04:55","slug":"glowne-osiagniecia-organizacyjne","status":"publish","type":"page","link":"https:\/\/konsultant-krajowy.pl\/?page_id=33","title":{"rendered":"G\u0142\u00f3wne osi\u0105gni\u0119cia organizacyjne"},"content":{"rendered":"<ul>\n<li>1993 \u2013 opracowanie programu dzia\u0142ania i utworzenie O\u015brodka Diagnostyczno-Leczniczo-Rehabilitacyjnego dla Os\u00f3b Nies\u0142ysz\u0105cych i Niedos\u0142ysz\u0105cych &#8222;Cochlear Center&#8221;<\/li>\n<li>1996 \u2013 opracowanie programu, organizacja zespo\u0142u i uruchomienie resortowego Instytutu Fizjologii i Patologii S\u0142uchu<\/li>\n<li>2000-2012 \u2013 organizacja wielu nowych program\u00f3w o zasi\u0119gu regionalnym i krajowym, dotycz\u0105cych wczesnego wykrywania zaburze\u0144 s\u0142uchu u dzieci w wieku szkolnym<\/li>\n<li>2003 \u2013 budowa i organizacja Mi\u0119dzynarodowego Centrum S\u0142uchu i Mowy<\/li>\n<li>od 2005 \u2013 organizator cyklu mi\u0119dzynarodowych warsztat\u00f3w z operacjami pokazowymi Window Approach Workshop<\/li>\n<li>2009 \u2013 prezydent IX Europejskiej Konferencji ESPCI<\/li>\n<li>2009 \u2013 budowa i organizacja zaplecza Naukowego Centrum Obrazowania Biomedycznego<\/li>\n<li>2011 \u2013 prezydent X Europejskiego Kongresu EFAS<\/li>\n<li>2012 \u2013 budowa i organizacja \u015awiatowego Centrum S\u0142uchu w Kajetanach pod Warszaw\u0105<\/li>\n<\/ul>\n<p>Z tytu\u0142u wynalazczo\u015bci otrzyma\u0142 kilkadziesi\u0105t z\u0142otych i srebrnych medali oraz wyr\u00f3\u017cnie\u0144 specjalnych na \u015bwiatowych salonach wynalazczo\u015bci w Brukseli, Pary\u017cu, Genewie, Waszyngtonie, Norymberdze, Seulu, Kuala Lumpur, Tajwanie, Sewastopolu, Moskwie i Casablance.<br \/>\nJest autorem i wsp\u00f3\u0142autorem 14 patent\u00f3w na urz\u0105dzenia i metody zwi\u0105zane z technik\u0105 medyczn\u0105. Wi\u0119kszo\u015b\u0107 wynalazk\u00f3w zdoby\u0142a znacz\u0105ce nagrody mi\u0119dzynarodowe. Systemy i urz\u0105dzenia do bada\u0144 przesiewowych s\u0142uchu, wzroku i mowy oraz urz\u0105dzenie do korekcji wad wymowy, kt\u00f3rych jest wsp\u00f3\u0142tw\u00f3rc\u0105, uzyska\u0142y szereg z\u0142otych medali i wyr\u00f3\u017cnie\u0144 na \u015bwiatowych salonach wynalazczo\u015bci w Brukseli, Genewie, Pary\u017cu, Norymberdze, Waszyngtonie i innych miejscach na \u015bwiecie. Ponadto Profesor by\u0142 wsp\u00f3\u0142autorem kilkudziesi\u0119ciu urz\u0105dze\u0144, procedur i metod stosowanych w praktyce klinicznej, z kt\u00f3rych kilka jest przygotowanych jako zg\u0142oszenia patentowe.<\/p>\n","protected":false},"excerpt":{"rendered":"<p>1993 \u2013 opracowanie programu dzia\u0142ania i utworzenie O\u015brodka Diagnostyczno-Leczniczo-Rehabilitacyjnego dla Os\u00f3b Nies\u0142ysz\u0105cych i Niedos\u0142ysz\u0105cych &#8222;Cochlear Center&#8221; 1996 \u2013 opracowanie programu, organizacja zespo\u0142u i uruchomienie resortowego Instytutu Fizjologii i Patologii S\u0142uchu 2000-2012 \u2013 organizacja wielu nowych program\u00f3w o zasi\u0119gu regionalnym i krajowym, dotycz\u0105cych wczesnego wykrywania zaburze\u0144 s\u0142uchu u dzieci w wieku szkolnym 2003 \u2013 budowa i<br \/><a class=\"moretag\" href=\"https:\/\/konsultant-krajowy.pl\/?page_id=33\">+ Read More<\/a><\/p>\n","protected":false},"author":1,"featured_media":0,"parent":26,"menu_order":3,"comment_status":"closed","ping_status":"closed","template":"","meta":{"jetpack_post_was_ever_published":false,"footnotes":""},"class_list":["post-33","page","type-page","status-publish","hentry"],"jetpack_sharing_enabled":true,"jetpack_shortlink":"https:\/\/wp.me\/P7lyFN-x","_links":{"self":[{"href":"https:\/\/konsultant-krajowy.pl\/index.php?rest_route=\/wp\/v2\/pages\/33"}],"collection":[{"href":"https:\/\/konsultant-krajowy.pl\/index.php?rest_route=\/wp\/v2\/pages"}],"about":[{"href":"https:\/\/konsultant-krajowy.pl\/index.php?rest_route=\/wp\/v2\/types\/page"}],"author":[{"embeddable":true,"href":"https:\/\/konsultant-krajowy.pl\/index.php?rest_route=\/wp\/v2\/users\/1"}],"replies":[{"embeddable":true,"href":"https:\/\/konsultant-krajowy.pl\/index.php?rest_route=%2Fwp%2Fv2%2Fcomments&post=33"}],"version-history":[{"count":1,"href":"https:\/\/konsultant-krajowy.pl\/index.php?rest_route=\/wp\/v2\/pages\/33\/revisions"}],"predecessor-version":[{"id":34,"href":"https:\/\/konsultant-krajowy.pl\/index.php?rest_route=\/wp\/v2\/pages\/33\/revisions\/34"}],"up":[{"embeddable":true,"href":"https:\/\/konsultant-krajowy.pl\/index.php?rest_route=\/wp\/v2\/pages\/26"}],"wp:attachment":[{"href":"https:\/\/konsultant-krajowy.pl\/index.php?rest_route=%2Fwp%2Fv2%2Fmedia&parent=33"}],"curies":[{"name":"wp","href":"https:\/\/api.w.org\/{rel}","templated":true}]}}