{"id":31,"date":"2015-11-24T19:44:49","date_gmt":"2015-11-24T19:44:49","guid":{"rendered":"https:\/\/konsultant-krajowy.pl\/?page_id=31"},"modified":"2016-02-12T07:04:55","modified_gmt":"2016-02-12T07:04:55","slug":"glowne-osiagniecia-naukowe-kliniczne-i-wdrozeniowe","status":"publish","type":"page","link":"https:\/\/konsultant-krajowy.pl\/?page_id=31","title":{"rendered":"G\u0142\u00f3wne osi\u0105gni\u0119cia naukowe, kliniczne i wdro\u017ceniowe"},"content":{"rendered":"<ul>\n<li>1992 &#8211; wdro\u017cenie w Polsce programu leczenia ca\u0142kowitej g\u0142uchoty za pomoc\u0105 implant\u00f3w \u015blimakowych,<\/li>\n<li>1993 &#8211; opracowanie, w j\u0119zyku polskim, programu rehabilitacji s\u0142uchu po wszczepieniu implantu \u015blimakowego,<\/li>\n<li>1994 &#8211; organizacja i realizacja Programu Opieki nad Osobami z Uszkodzeniami S\u0142uchu w Polsce,<\/li>\n<li>1994 &#8211; organizacja programu wczesnego aparatownia ma\u0142ych dzieci (od 2 roku \u017cycia) z wadami s\u0142uchu,<\/li>\n<li>1995 &#8211; wprowadzenie do medycyny krajowej nowych materia\u0142\u00f3w &#8211; jonomer\u00f3w szklanych do chirurgii rekonstrukcyjnej ucha,<\/li>\n<li>1995-1998 &#8211; rozpocz\u0119cie w Polsce powszechnych przesiewowych bada\u0144 s\u0142uchu<br \/>\nu noworodk\u00f3w i niemowl\u0105t &#8211; opracowane procedury post\u0119powania dla Ministerstwa Zdrowia,<\/li>\n<li>1996 &#8211; zastosowanie nowej metody leczenia wad wrodzonych ucha zewn\u0119trznego<\/li>\n<li>1997 &#8211; opracowanie \u201eskali Skar\u017cy\u0144skiego\u201d dla potrzeb oceny wad wrodzonych ucha zewn\u0119trznego,<\/li>\n<li>1997 &#8211; wdro\u017cenie w Polsce nowego programu leczenia wad wrodzonych uszu<br \/>\ni nowej klasyfikacji efekt\u00f3w &#8211; klasyfikacja Skar\u017cy\u0144skiego,<\/li>\n<li>1998 &#8211; wdro\u017cenie w Polsce programu leczenia ca\u0142kowitej g\u0142uchoty i zmian nowotworowych za pomoc\u0105 implant\u00f3w wszczepianych do pnia m\u00f3zgu,<\/li>\n<li>1998 &#8211; opracowanie programu wczesnego wykrywania wad s\u0142uchu u noworodk\u00f3w<\/li>\n<li>1999 &#8211; 2003 &#8211; opracowanie oryginalnych w skali \u015bwiatowej program\u00f3w z zakresu telemedycyny \u201eS\u0142ysz\u0119&#8230;\u201d, \u201eM\u00f3wi\u0119&#8230;\u201d, \u201eWidz\u0119&#8230;\u201d, \u201eTinnitus\u201d oraz narz\u0119dzi<br \/>\ni aparatury do diagno\u00acstyki i terapii zaburze\u0144 s\u0142uchu, g\u0142osu i mowy,<\/li>\n<li>2000 &#8211; wsp\u00f3\u0142autor oryginalnego w skali \u015bwiatowej programu powszechnych bada\u0144 s\u0142uchu, mowy i wzroku przez internet i pierwszych na du\u017c\u0105 skal\u0119 bada\u0144 epidemiologicznych,<\/li>\n<li>2000 &#8211; wsp\u00f3\u0142autor pierwszych \u015bwiecie bada\u0144 s\u0142uchu, wzroku i mowy prowadzonych przez interent,<\/li>\n<li>2000 &#8211; przedstawienie wynik\u00f3w 3- letnich obserwacji zachowania resztek s\u0142uchowych u dzieci i doros\u0142ych (Antwerpia &#8211; ESPCI, Berlin &#8211; EUFOS),<\/li>\n<li>2001 &#8211; rozpocz\u0119cie nowych form telelmedycyny &#8211; telekonsultacje,<\/li>\n<li>2001 &#8211; opracowanie nowych, oryginalnych sposob\u00f3w chirurgii rekonstrukcyjnej ucha \u015brodkowego z zastosowaniem materia\u0142\u00f3w alloplastycznych (jonomery szklane),<\/li>\n<li>2002 &#8211; opracowanie nowych narz\u0119dzi diagnostycznych &#8211; Audiometr Kuba-mikro,<\/li>\n<li>2002 &#8211; opracowanie i wdro\u017cenie programu leczenia cz\u0119\u015bciowej g\u0142uchoty<br \/>\nu doros\u0142ych (PDT &#8211; Partial Deafness Treatment) wg. metody 6. krok\u00f3w Skar\u017cy\u0144skiego z wykorzystaniem drogi przez okienko okr\u0105g\u0142e,<\/li>\n<li>2002 &#8211; 12 lipca pierwsza w \u015bwiecie operacja wszczepienia implantu \u015blimakowego<br \/>\nu doros\u0142ego pacjenta z cz\u0119\u015bciow\u0105 g\u0142uchot\u0105 (jako elektryczne dope\u0142nienie normalnego s\u0142uchu na niskich cz\u0119stotliwo\u015bciach (PDT-EC))<\/li>\n<li>2003 &#8211; pierwsza w Polsce operacja wszczepienia implantu do ucha \u015brodkowego. Kilkadziesi\u0105t nowych procedur klinicznych.<\/li>\n<li>2004 &#8211; opracowanie nowego programu telemedycznego: Domowa Klinika Rehabilitacji<\/li>\n<li>2004 &#8211; opracowanie i wdro\u017cenie, po raz pierwszy w \u015bwiecie, metody leczenia cz\u0119\u015bciowej g\u0142uchoty u dzieci jako elektrycznego dope\u0142nienia normalnego s\u0142uchu,<\/li>\n<li>2004 &#8211; 27 wrze\u015bnia &#8211; pierwsza w \u015bwiecie operacja dziecka z cz\u0119\u015bciow\u0105 g\u0142uchot\u0105 (PDT-EC)<\/li>\n<li>2005 &#8211; wsp\u00f3\u0142autor pierwszego po\u0142\u0105czenia implantu i aparatu s\u0142uchowego w jednym uchu (Duet),<\/li>\n<li>2005-2006 &#8211; opracowanie i wdro\u017cenie programu leczenia cz\u0119\u015bciowej g\u0142uchoty<br \/>\nza pomoc\u0105 implantu \u015blimakowego &#8211; PDCI u dzieci i doros\u0142ych<\/li>\n<li>2005 &#8211; opracowanie nowego urz\u0105dzenia do powszechnych bada\u0144 przesiewowych s\u0142uchu &#8211; Audiometr S<\/li>\n<li>2005 &#8211; 2006 &#8211; opracowanie metody maskowania ultrad\u017awi\u0119kowego szum\u00f3w usznych<\/li>\n<li>2005 &#8211; 2006 &#8211; opracowanie miniaturowego audiometru skriningowego o nazwie \u201eKuba-AS\u201d<\/li>\n<li>2005-2006 &#8211; opracowanie bezkontaktowego aparatu s\u0142uchowego dla niemowl\u0105t,<\/li>\n<li>2006 &#8211; opracowanie i wdro\u017cenie nowej metody z zastosowaniem bezpo\u015bredniej stymulacji okienka okr\u0105g\u0142ego przez implant ucha \u015brodkowego typu Vibrant<\/li>\n<li>2007 &#8211; pierwsza w \u015bwiecie klasyfikacja oceny wad wrodzonych ucha zewn\u0119trznego wg. Skar\u017cy\u0144skiego<\/li>\n<li>2008 &#8211; pierwsze w \u015bwiecie wszczepienie implantu s\u0142uchowego po obu stronach pnia m\u00f3zgu,<\/li>\n<li>2008 &#8211; opracowanie nowej w skali \u015bwiatowej metody leczenia ubytk\u00f3w s\u0142uchu przez bezpo\u015bredni\u0105 stymulacj\u0119 b\u0142ony okienka okr\u0105g\u0142ego przy pomocy implant\u00f3w ucha \u015brodkowego,<\/li>\n<li>2008 &#8211; opracowanie pierwszego w \u015bwiecie systemu sta\u0142ego, zdalnego nadzoru nad dzia\u0142aniem i mo\u017cliwo\u015bci\u0105 ustawiania implantu \u015blimakowego u pacjent\u00f3w przez internet &#8211; telefitting,<\/li>\n<li>2009 &#8211; wdro\u017cenie, po raz pierwszy w \u015bwiecie, nowej elektrody (Cochlear<br \/>\n&#8211; SFA\/CI-422 zaprojektowanej przez Skar\u017cy\u0144skiego)<\/li>\n<li>2009 &#8211; wsp\u00f3\u0142autor opracowania pierwszego w \u015bwiecie urz\u0105dzenia &#8222;Platforma Bada\u0144 Zmys\u0142\u00f3w&#8221; do oceny uszkodze\u0144 s\u0142uchu, mowy i wzroku w nadaniach przesiewowych<\/li>\n<li>2009 &#8211; opracowanie systemu SPS-S do stymulacji percepcji sensorycznej (metoda Skar\u017cy\u0144skiego)<\/li>\n<li>2009 &#8211; prezentacja nowej elektrody SRA i pierwsze w \u015bwiecie pokazowe wszczepienie podczas Kongresu Europejskiego; pierwsze w Polsce zastosowanie systemu aparatu i implantu typu Hybryd,<\/li>\n<li>2009 &#8211; prezentacja nowej koncepcji leczenia cz\u0119\u015bciowej g\u0142uchoty<br \/>\n(Partial Deafness Treatment),<\/li>\n<li>2010 &#8211; przedstawienie pierwszej w \u015bwiecie skali PDT wg. Skar\u017cy\u0144skiego,<\/li>\n<li>2010 &#8211; opracowanie i wdro\u017cenie nowej klasyfikacji uszkodze\u0144 s\u0142uchu i leczenia niedos\u0142uch\u00f3w r\u00f3\u017cnego typu przy wykorzystaniu stymulacji elektrycznej<br \/>\ni akustycznej,<\/li>\n<li>2010 &#8211; organizacja i uruchomienie pierwszej w \u015bwiecie Krajowej Sieci Teleaudiologii<\/li>\n<li>2011 &#8211; opracowanie programu powszechnych bada\u0144 pod k\u0105tem wczesnego wykrywania wad s\u0142uchu i mowy u dzieci w wieku szkolnym<\/li>\n<li>2011 &#8211; opracowanie i wdro\u017cenie metod obrazowania funkcjonalnego<br \/>\ni elektrofizjologicznych w badaniach s\u0142uchu pacjent\u00f3w z cz\u0119\u015bciow\u0105 g\u0142uchot\u0105,<\/li>\n<li>2011 &#8211; zainicjowanie i doprowadzenie do przyj\u0119cia Europejskiego Konsensusu Naukowego pn. \u201eBadania przesiewowe s\u0142uchu, wzroku i mowy u dzieci w wieku przedszkolnym i szkolnym\u201d oraz Europejskiego Konsensusu Naukowego<br \/>\npn. \u201eBadania przesiewowe s\u0142uchu u dzieci w wieku przedszkolnym i szkolnym\u201d<\/li>\n<li>2011 &#8211; koordynacja dzia\u0142a\u0144 w zakresie \u201eWyr\u00f3wnywania szans dzieci<br \/>\nz zaburzeniami komunikacyjnymi w krajach europejskich\u201d &#8211; zagadnienia w\u0142\u0105czonego do priorytetu prezydencji Polski w Radzie UE w obszarze zdrowia publicznego, w wynku kt\u00f3rego dn. 2 grudnia 2011 przyj\u0119ta zosta\u0142a w Brukseli Konkluzja Rady UE nt. \u201eWczesnego wykrywania i leczenia zaburze\u0144 komunikacyjnych u dzieci, z uwzgl\u0119dnieniem zastosowania narz\u0119dzi e-zdrowia<br \/>\ni innowacyjnych rozwi\u0105za\u0144\u201d,<\/li>\n<li>2011 &#8211; 2012 &#8211; opublikowanie i przedstawienie na kongresach kontynentalnych<br \/>\nw Europie, Azji, Ameryce P\u0142n. i Pd., Australii i Nowej Zelandii, najnowszej kompleksowej metody leczenia cz\u0119\u015bciowej g\u0142uchoty i pierwszej w \u015bwiecie klasyfikacji PDT,<\/li>\n<li>2012 &#8211; wdro\u017cenie najnowszego systemu implantu ucha \u015brodkowego Codacs<\/li>\n<li>2012 &#8211; pierwsza w Polsce operacja wszczepienia pionierskiego implantu s\u0142uchowego typu BONEBRIDGE, pocz\u0105tek programu leczenia wad wrodzonych ucha zewn\u0119trznego,<\/li>\n<li>2012 &#8211; pierwsza ocena drogi s\u0142uchowej w cz\u0119\u015bciowej g\u0142uchocie z wykorzystaniem metody fMRI,<\/li>\n<li>2012 &#8211; opracowanie nowej klasyfikacji cz\u0119\u015bciowej g\u0142uchoty wg. Skar\u017cy\u0144skiego<\/li>\n<li>2013 &#8211; pierwsze w Europie \u015arodkowo \u2013 Wschodniej wszczepienie implantu s\u0142uchowego Baha<sup>\u00ae<\/sup> 4 Attract System<\/li>\n<\/ul>\n<p>W latach 1996 &#8211; 2012 autor i wsp\u00f3\u0142autor ponad 100 r\u00f3\u017cnych, nowych procedur klinicznych.<\/p>\n<p>&nbsp;<\/p>\n","protected":false},"excerpt":{"rendered":"<p>1992 &#8211; wdro\u017cenie w Polsce programu leczenia ca\u0142kowitej g\u0142uchoty za pomoc\u0105 implant\u00f3w \u015blimakowych, 1993 &#8211; opracowanie, w j\u0119zyku polskim, programu rehabilitacji s\u0142uchu po wszczepieniu implantu \u015blimakowego, 1994 &#8211; organizacja i realizacja Programu Opieki nad Osobami z Uszkodzeniami S\u0142uchu w Polsce, 1994 &#8211; organizacja programu wczesnego aparatownia ma\u0142ych dzieci (od 2 roku \u017cycia) z wadami s\u0142uchu,<br \/><a class=\"moretag\" href=\"https:\/\/konsultant-krajowy.pl\/?page_id=31\">+ Read More<\/a><\/p>\n","protected":false},"author":1,"featured_media":0,"parent":26,"menu_order":2,"comment_status":"closed","ping_status":"closed","template":"","meta":{"jetpack_post_was_ever_published":false,"footnotes":""},"class_list":["post-31","page","type-page","status-publish","hentry"],"jetpack_sharing_enabled":true,"jetpack_shortlink":"https:\/\/wp.me\/P7lyFN-v","_links":{"self":[{"href":"https:\/\/konsultant-krajowy.pl\/index.php?rest_route=\/wp\/v2\/pages\/31"}],"collection":[{"href":"https:\/\/konsultant-krajowy.pl\/index.php?rest_route=\/wp\/v2\/pages"}],"about":[{"href":"https:\/\/konsultant-krajowy.pl\/index.php?rest_route=\/wp\/v2\/types\/page"}],"author":[{"embeddable":true,"href":"https:\/\/konsultant-krajowy.pl\/index.php?rest_route=\/wp\/v2\/users\/1"}],"replies":[{"embeddable":true,"href":"https:\/\/konsultant-krajowy.pl\/index.php?rest_route=%2Fwp%2Fv2%2Fcomments&post=31"}],"version-history":[{"count":1,"href":"https:\/\/konsultant-krajowy.pl\/index.php?rest_route=\/wp\/v2\/pages\/31\/revisions"}],"predecessor-version":[{"id":32,"href":"https:\/\/konsultant-krajowy.pl\/index.php?rest_route=\/wp\/v2\/pages\/31\/revisions\/32"}],"up":[{"embeddable":true,"href":"https:\/\/konsultant-krajowy.pl\/index.php?rest_route=\/wp\/v2\/pages\/26"}],"wp:attachment":[{"href":"https:\/\/konsultant-krajowy.pl\/index.php?rest_route=%2Fwp%2Fv2%2Fmedia&parent=31"}],"curies":[{"name":"wp","href":"https:\/\/api.w.org\/{rel}","templated":true}]}}