{"id":24,"date":"2015-11-24T19:42:26","date_gmt":"2015-11-24T19:42:26","guid":{"rendered":"https:\/\/konsultant-krajowy.pl\/?page_id=24"},"modified":"2015-11-24T19:42:26","modified_gmt":"2015-11-24T19:42:26","slug":"inicjatywy","status":"publish","type":"page","link":"https:\/\/konsultant-krajowy.pl\/?page_id=24","title":{"rendered":"Inicjatywy"},"content":{"rendered":"<h3>Ocena dost\u0119pno\u015bci \u015bwiadcze\u0144 zdrowotnych<\/h3>\n<p>Na podstawie otrzymanych informacji od konsultant\u00f3w wojew\u00f3dzkich nale\u017cy z satysfakcj\u0105 odnotowa\u0107, \u017ce dost\u0119pno\u015b\u0107 do \u015bwiadcze\u0144 medycznych jest do\u015b\u0107 dobra. Bardziej szczeg\u00f3\u0142owa analiza dost\u0119pnych danych z NFZ pozwala zauwa\u017cy\u0107, \u017ce dost\u0119p do\u015bwiadcze\u0144 w tej dziedzinie jest jednak mocno zr\u00f3\u017cnicowany. Zale\u017cy to od regionu, r\u00f3\u017cnego poziomu o\u015brodk\u00f3w, zaplecza kadrowego oraz wyposa\u017cenia. Nale\u017cy zaznaczy\u0107, \u017ce oczekiwania pacjent\u00f3w na \u015bwiadczenia zdrowotne realizowane w ramach hospitalizacji wahaj\u0105 si\u0119 od kilku miesi\u0119cy, do ok. 3 lat. Tradycyjnie najd\u0142u\u017cszy czas oczekiwania jest na zabiegi operacyjne w zakresie wad wrodzonych ucha oraz zaawansowanych problem\u00f3w rynologicznych, w kt\u00f3rych niekiedy liczne wcze\u015bniejsze operacje nie przynios\u0142y spodziewanych efekt\u00f3w. Lepsza jest dost\u0119pno\u015b\u0107 wynikaj\u0105ca z danych raportowanych przez NFZ w zakresie \u015bwiadcze\u0144 ambulatoryjnych. Wynika to w znacznym stopniu z do\u015b\u0107 dobrze rozwini\u0119tej bazy w zakresie niepublicznej s\u0142u\u017cby zdrowia posiadaj\u0105cej zawarte kontrakty z NFZ. Generalna ocena poziomu obecnych kontrakt\u00f3w wskazuje, \u017ce s\u0105 one zbyt ma\u0142e co generuje systematycznie nadwykonania. Niezwykle istotnym problemem, kt\u00f3ry stoi przed ca\u0142ym \u015brodowiskiem terapeut\u00f3w oraz pacjent\u00f3w, jest rzetelna wycena \u015bwiadcze\u0144 w zakresie hospitalizacji oraz dopracowanie \u015bwiadcze\u0144 w zakresie wprowadzonych jednorodnych grup pacjent\u00f3w (JGP) w zakresie opieki ambulatoryjnej. Za jedno z zada\u0144 nale\u017cy uzna\u0107 rozpocz\u0119cie prac nad wycen\u0105 koszt\u00f3w poszczeg\u00f3lnych \u015bwiadcze\u0144 na poziomie o\u015brodk\u00f3w uniwersyteckich, wojew\u00f3dzkich, powiatowych i niekt\u00f3rych rejonowych. Powinno to by\u0107 podstawa do negocjacji z Narodowym Funduszem Zdrowia. Powy\u017csza informacja jest sumaryczn\u0105 odpowiedzi\u0105 powsta\u0142\u0105 na podstawie przes\u0142anych informacji przez konsultant\u00f3w wojew\u00f3dzkich. Ocena generalna obejmuje dost\u0119p do \u015bwiadcze\u0144 w trybie ambulatoryjnym, w tym nag\u0142ym oraz w zakresie \u015bwiadcze\u0144 szpitalnych, kt\u00f3rych liczba \u015bwiadcze\u0144 przez podmioty publiczne ci\u0105gle ro\u015bnie. Nie jest znana, ale nale\u017cy j\u0105 oceni\u0107 jako bardzo znacz\u0105c\u0105 i ci\u0105gle rosn\u0105c\u0105 liczba \u015bwiadcze\u0144\u00a0 ambulatoryjnych oraz zabiegowych udzielanych przez bardzo du\u017co podmiot\u00f3w niepublicznych.<\/p>\n<p>Najcz\u0119stsze problemy zg\u0142aszane przez \u015brodowisko w tym zakresie odnosz\u0105 si\u0119 do nast\u0119puj\u0105cych kwestii:<\/p>\n<ol>\n<li>zbyt niskich obecnie kontrakt\u00f3w z NFZ, co wyd\u0142u\u017ca dost\u0119p do \u015bwiadcze\u0144 w zdecydowanej wi\u0119kszo\u015bci o\u015brodk\u00f3w;<\/li>\n<li>braku dostatecznego zabezpieczenia w warunkach ostrody\u017curowych, co wynika z nie w pe\u0142ni wywi\u0105zywania si\u0119 ze swoich obowi\u0105zk\u00f3w \u015bwiadcze\u0144 ca\u0142odobowych w zakresie POZ;<\/li>\n<li>potrzeby sprecyzowania problem\u00f3w nag\u0142ych wymagaj\u0105cych przyj\u0119\u0107 w trybie nag\u0142ym na ostrym dy\u017curze, kt\u00f3ry nie mo\u017ce by\u0107 zamieniany w jeszcze jedn\u0105 poradni\u0119 us\u0142ug nie kwalifikuj\u0105cych si\u0119 jako nag\u0142e w formie niewielkiej odp\u0142atno\u015bci. Ograniczy\u0142oby to obecna tendencj\u0119 zbyt \u0142atwego korzystania z formu\u0142y \u201eostrego dy\u017curu\u201d<\/li>\n<li>obserwowane jest nier\u00f3wnomierne zabezpieczenie \u015bwiadczenia us\u0142ug w wojew\u00f3dztwie \u015bwi\u0119tokrzyskim, warmi\u0144sko-mazurskim, pomorskim i dolno\u015bl\u0105skim.<\/li>\n<\/ol>\n<p>W podsumowaniu nale\u017cy podkre\u015bli\u0107, \u017ce obserwujemy dobr\u0105 tolerancj\u0119 b\u0119d\u0105c\u0105 odzwierciedleniem skr\u00f3cenia pobytu chorych w klinikach i oddzia\u0142ach\u00a0 szpitalnych. W znacznym zakresie jest poprawiana i doposa\u017cona baza kliniczna. Wychodzi to naprzeciw istniej\u0105cemu popytowi na us\u0142ugi otorynolaryngologiczne w naszym kraju. Jak ju\u017c wspomniano wcze\u015bniej problemem jest poziom podpisywanych kontrakt\u00f3w oraz nier\u00f3wnomierne roz\u0142o\u017cenie specjalistycznej kadry, skupionej w du\u017cych aglomeracjach miejskich, w o\u015brodkach uniwersyteckich.<\/p>\n","protected":false},"excerpt":{"rendered":"<p>Ocena dost\u0119pno\u015bci \u015bwiadcze\u0144 zdrowotnych Na podstawie otrzymanych informacji od konsultant\u00f3w wojew\u00f3dzkich nale\u017cy z satysfakcj\u0105 odnotowa\u0107, \u017ce dost\u0119pno\u015b\u0107 do \u015bwiadcze\u0144 medycznych jest do\u015b\u0107 dobra. Bardziej szczeg\u00f3\u0142owa analiza dost\u0119pnych danych z NFZ pozwala zauwa\u017cy\u0107, \u017ce dost\u0119p do\u015bwiadcze\u0144 w tej dziedzinie jest jednak mocno zr\u00f3\u017cnicowany. Zale\u017cy to od regionu, r\u00f3\u017cnego poziomu o\u015brodk\u00f3w, zaplecza kadrowego oraz wyposa\u017cenia. Nale\u017cy zaznaczy\u0107,<br \/><a class=\"moretag\" href=\"https:\/\/konsultant-krajowy.pl\/?page_id=24\">+ Read More<\/a><\/p>\n","protected":false},"author":1,"featured_media":0,"parent":0,"menu_order":0,"comment_status":"closed","ping_status":"closed","template":"","meta":{"jetpack_post_was_ever_published":false,"footnotes":""},"class_list":["post-24","page","type-page","status-publish","hentry"],"jetpack_sharing_enabled":true,"jetpack_shortlink":"https:\/\/wp.me\/P7lyFN-o","_links":{"self":[{"href":"https:\/\/konsultant-krajowy.pl\/index.php?rest_route=\/wp\/v2\/pages\/24"}],"collection":[{"href":"https:\/\/konsultant-krajowy.pl\/index.php?rest_route=\/wp\/v2\/pages"}],"about":[{"href":"https:\/\/konsultant-krajowy.pl\/index.php?rest_route=\/wp\/v2\/types\/page"}],"author":[{"embeddable":true,"href":"https:\/\/konsultant-krajowy.pl\/index.php?rest_route=\/wp\/v2\/users\/1"}],"replies":[{"embeddable":true,"href":"https:\/\/konsultant-krajowy.pl\/index.php?rest_route=%2Fwp%2Fv2%2Fcomments&post=24"}],"version-history":[{"count":1,"href":"https:\/\/konsultant-krajowy.pl\/index.php?rest_route=\/wp\/v2\/pages\/24\/revisions"}],"predecessor-version":[{"id":25,"href":"https:\/\/konsultant-krajowy.pl\/index.php?rest_route=\/wp\/v2\/pages\/24\/revisions\/25"}],"wp:attachment":[{"href":"https:\/\/konsultant-krajowy.pl\/index.php?rest_route=%2Fwp%2Fv2%2Fmedia&parent=24"}],"curies":[{"name":"wp","href":"https:\/\/api.w.org\/{rel}","templated":true}]}}