{"id":22,"date":"2015-11-24T19:42:03","date_gmt":"2015-11-24T19:42:03","guid":{"rendered":"https:\/\/konsultant-krajowy.pl\/?page_id=22"},"modified":"2015-11-24T19:42:03","modified_gmt":"2015-11-24T19:42:03","slug":"specjalizacja","status":"publish","type":"page","link":"https:\/\/konsultant-krajowy.pl\/?page_id=22","title":{"rendered":"Specjalizacja"},"content":{"rendered":"<h3>Egzamin resortowy &#8211; informacje og\u00f3lne<\/h3>\n<p>Niezwykle wa\u017cnym zadaniem przyj\u0119tym przez Konsultanta by\u0142o przygotowanie trzech egzamin\u00f3w z otorynolaryngologii zgodnie z wymogami oraz programu, wg kt\u00f3rego jest przeprowadzony egzamin europejski. Jako cz\u0142onek komisji europejskiej wraz zespo\u0142em Konsultant przygotowa\u0142 now\u0105 form\u0119 krajowego egzaminu z zachowaniem wszelkich wymaga\u0144 i zarz\u0105dze\u0144 w tym zakresie wynikaj\u0105cych z postanowie\u0144 prawnych w Polsce. Mia\u0142o pos\u0142u\u017cy\u0107 temu, aby w jak najkr\u00f3tszym czasie mo\u017cna by\u0142o egzamin krajowy przeprowadzi\u0107 r\u00f3wnie\u017c na warunkach europejskich, co otworzy nowe mo\u017cliwo\u015bci przed \u015brodowiskiem polskim. Nie musz\u0105 one wi\u0105za\u0107 si\u0119 z wyjazdami lecz z prowadzeniem nadzoru nad specjalizuj\u0105cymi si\u0119 z zagranicy w Polsce. Stanowi to wielkie, ale realne wyzwanie dla medycyny krajowej.<\/p>\n","protected":false},"excerpt":{"rendered":"<p>Egzamin resortowy &#8211; informacje og\u00f3lne Niezwykle wa\u017cnym zadaniem przyj\u0119tym przez Konsultanta by\u0142o przygotowanie trzech egzamin\u00f3w z otorynolaryngologii zgodnie z wymogami oraz programu, wg kt\u00f3rego jest przeprowadzony egzamin europejski. Jako cz\u0142onek komisji europejskiej wraz zespo\u0142em Konsultant przygotowa\u0142 now\u0105 form\u0119 krajowego egzaminu z zachowaniem wszelkich wymaga\u0144 i zarz\u0105dze\u0144 w tym zakresie wynikaj\u0105cych z postanowie\u0144 prawnych w Polsce.<br \/><a class=\"moretag\" href=\"https:\/\/konsultant-krajowy.pl\/?page_id=22\">+ Read More<\/a><\/p>\n","protected":false},"author":1,"featured_media":0,"parent":0,"menu_order":0,"comment_status":"closed","ping_status":"closed","template":"","meta":{"jetpack_post_was_ever_published":false,"footnotes":""},"class_list":["post-22","page","type-page","status-publish","hentry"],"jetpack_sharing_enabled":true,"jetpack_shortlink":"https:\/\/wp.me\/P7lyFN-m","_links":{"self":[{"href":"https:\/\/konsultant-krajowy.pl\/index.php?rest_route=\/wp\/v2\/pages\/22"}],"collection":[{"href":"https:\/\/konsultant-krajowy.pl\/index.php?rest_route=\/wp\/v2\/pages"}],"about":[{"href":"https:\/\/konsultant-krajowy.pl\/index.php?rest_route=\/wp\/v2\/types\/page"}],"author":[{"embeddable":true,"href":"https:\/\/konsultant-krajowy.pl\/index.php?rest_route=\/wp\/v2\/users\/1"}],"replies":[{"embeddable":true,"href":"https:\/\/konsultant-krajowy.pl\/index.php?rest_route=%2Fwp%2Fv2%2Fcomments&post=22"}],"version-history":[{"count":1,"href":"https:\/\/konsultant-krajowy.pl\/index.php?rest_route=\/wp\/v2\/pages\/22\/revisions"}],"predecessor-version":[{"id":23,"href":"https:\/\/konsultant-krajowy.pl\/index.php?rest_route=\/wp\/v2\/pages\/22\/revisions\/23"}],"wp:attachment":[{"href":"https:\/\/konsultant-krajowy.pl\/index.php?rest_route=%2Fwp%2Fv2%2Fmedia&parent=22"}],"curies":[{"name":"wp","href":"https:\/\/api.w.org\/{rel}","templated":true}]}}