{"id":19,"date":"2015-11-24T19:41:12","date_gmt":"2015-11-24T19:41:12","guid":{"rendered":"https:\/\/konsultant-krajowy.pl\/?page_id=19"},"modified":"2015-11-24T19:41:40","modified_gmt":"2015-11-24T19:41:40","slug":"sklad-zespolu","status":"publish","type":"page","link":"https:\/\/konsultant-krajowy.pl\/?page_id=19","title":{"rendered":"Zesp\u00f3\u0142 doradc\u00f3w"},"content":{"rendered":"<ul>\n<li>dr n. med. Pawe\u0142 Dobrzy\u0144ski, Kierownik Kliniki Otolaryngologii Centralnego Szpitala Klinicznego MSWiA w Warszawie<\/li>\n<li>prof. dr hab. n. med. Wojciech Golusi\u0144ski, Ordynator Oddzia\u0142u Chirurgii G\u0142owy i Szyi i Onkologii Laryngologicznej Wielkopolskiego Centrum Onkologii w Poznaniu<\/li>\n<li>prof. dr hab. n. med. Henryk Ka\u017amierczak, Kierownik Katedry i Kliniki Otolaryngologii Collegium Medium Uniwersytetu Miko\u0142aja Kopernika w Bydgoszczy<\/li>\n<li>dr n. med. Bogdan Kibi\u0142da, Ordynator Oddzia\u0142u Otolaryngologii i Onkologii Laryngologicznej Wojew\u00f3dzkiego Szpitala Specjalistycznego w Olsztynie<\/li>\n<li>prof. dr hab. n. med. Janusz Klatka, Kierownik Katedry i Kliniki Otolaryngologii i Onkologii Laryngologicznej Uniwersytetu Medycznego w Lublinie<\/li>\n<li>prof. nadzw. dr hab. med. Krzysztof Kochanek, Sekretarz Zespo\u0142u Konsultanta<\/li>\n<li>prof. dr hab. n. med. Tomasz Kr\u0119cicki, Kierownik Katedry i Kliniki Otolaryngologii, Chirurgii G\u0142owy i Szyi Akademii Medycznej we Wroc\u0142awiu<\/li>\n<li>dr med. Piotr Maj, Z-ca Kierownika Katedry i Kliniki Otolaryngologii i Onkologii Laryngologicznej Pomorskiej Akademii Medycznej w Szczecinie<\/li>\n<li>prof. dr hab. med. Gra\u017cyna Niedzielska, Konsultant Krajowy w Dziedzinie Otolaryngologii Dzieci\u0119cej, Kierownik Kliniki Otolaryngologii Dzieci\u0119cej, Foniatrii i Audiologii Uniwersytetu Medycznego w Lublinie<\/li>\n<li>prof. dr hab. n. med. Jurek Olszewski, Kierownik II Katedry Otolaryngologii Uniwersytetu Medycznego w \u0141odzi<\/li>\n<li>prof. dr hab. med. Marek Rogowski, Konsultant Krajowy w Dziedzinie Audiologii i Foniatrii Kierownik Kliniki Otolaryngologii Uniwersyteckiego Szpitala w Bia\u0142ymstoku<\/li>\n<li>prof. dr hab. n. med. Pawe\u0142 Str\u0119k, Z-ca Kierownika Katedry i Kliniki Otolaryngologii Collegium Medium Uniwersytetu Jagiello\u0144skiego<\/li>\n<li>prof. dr hab. med. Mariola \u015aliwi\u0144ska-Kowalska, Kierownik Kliniki Audiologii i Foniatrii Instytutu Medycyny Pracy w \u0141odzi, Konsultant Krajowy w dziedzinie Audiologii i Foniatrii<\/li>\n<li>dr Zyta Ka\u017amierczak-Zag\u00f3rska, Ordynator Oddzia\u0142u Otolaryngologii Szpitala Wojew\u00f3dzkiego w Bielsku-Bia\u0142ej<\/li>\n<\/ul>\n","protected":false},"excerpt":{"rendered":"<p>dr n. med. Pawe\u0142 Dobrzy\u0144ski, Kierownik Kliniki Otolaryngologii Centralnego Szpitala Klinicznego MSWiA w Warszawie prof. dr hab. n. med. Wojciech Golusi\u0144ski, Ordynator Oddzia\u0142u Chirurgii G\u0142owy i Szyi i Onkologii Laryngologicznej Wielkopolskiego Centrum Onkologii w Poznaniu prof. dr hab. n. med. Henryk Ka\u017amierczak, Kierownik Katedry i Kliniki Otolaryngologii Collegium Medium Uniwersytetu Miko\u0142aja Kopernika w Bydgoszczy dr<br \/><a class=\"moretag\" href=\"https:\/\/konsultant-krajowy.pl\/?page_id=19\">+ Read More<\/a><\/p>\n","protected":false},"author":1,"featured_media":0,"parent":0,"menu_order":0,"comment_status":"closed","ping_status":"closed","template":"","meta":{"jetpack_post_was_ever_published":false,"footnotes":""},"class_list":["post-19","page","type-page","status-publish","hentry"],"jetpack_sharing_enabled":true,"jetpack_shortlink":"https:\/\/wp.me\/P7lyFN-j","_links":{"self":[{"href":"https:\/\/konsultant-krajowy.pl\/index.php?rest_route=\/wp\/v2\/pages\/19"}],"collection":[{"href":"https:\/\/konsultant-krajowy.pl\/index.php?rest_route=\/wp\/v2\/pages"}],"about":[{"href":"https:\/\/konsultant-krajowy.pl\/index.php?rest_route=\/wp\/v2\/types\/page"}],"author":[{"embeddable":true,"href":"https:\/\/konsultant-krajowy.pl\/index.php?rest_route=\/wp\/v2\/users\/1"}],"replies":[{"embeddable":true,"href":"https:\/\/konsultant-krajowy.pl\/index.php?rest_route=%2Fwp%2Fv2%2Fcomments&post=19"}],"version-history":[{"count":2,"href":"https:\/\/konsultant-krajowy.pl\/index.php?rest_route=\/wp\/v2\/pages\/19\/revisions"}],"predecessor-version":[{"id":21,"href":"https:\/\/konsultant-krajowy.pl\/index.php?rest_route=\/wp\/v2\/pages\/19\/revisions\/21"}],"wp:attachment":[{"href":"https:\/\/konsultant-krajowy.pl\/index.php?rest_route=%2Fwp%2Fv2%2Fmedia&parent=19"}],"curies":[{"name":"wp","href":"https:\/\/api.w.org\/{rel}","templated":true}]}}