{"id":160,"date":"2016-02-12T07:01:54","date_gmt":"2016-02-12T07:01:54","guid":{"rendered":"https:\/\/konsultant-krajowy.pl\/?page_id=160"},"modified":"2016-02-12T07:04:55","modified_gmt":"2016-02-12T07:04:55","slug":"zyciorys","status":"publish","type":"page","link":"https:\/\/konsultant-krajowy.pl\/?page_id=160","title":{"rendered":"\u017byciorys"},"content":{"rendered":"<p style=\"text-align: justify;\" align=\"center\"><img loading=\"lazy\" decoding=\"async\" class=\"alignleft\" src=\"https:\/\/konsultant-krajowy.pl\/wp-content\/uploads\/2015\/11\/profesor_konsultant.jpg\" alt=\"\" width=\"530\" height=\"312\" align=\"middle\" border=\"1\" \/><\/p>\n<p style=\"text-align: justify;\"><strong>Prof. dr hab. n. med. dr h.c. multi Henryk Skar\u017cy\u0144ski<\/strong> \u015bwiatowej s\u0142awy otochirurg i\u00a0specjalista z otorynolaryngologii, audiologii i foniatrii. Od 1994 Specjalista Krajowy a\u00a0nast\u0119pnie Konsultant Krajowy ds.\u00a0Audiologii i\u00a0Foniatrii, od 2011 Konsultant Krajowy ds.\u00a0Otorynolaryngologii. Pierwszy w\u00a0Polsce wszczepi\u0142 implanty: \u015blimakowe (1992), pniowe (1998), ucha \u015brodkowego (2003). W 2002 opracowa\u0142 po raz pierwszy w\u00a0\u015bwiecie program leczenia cz\u0119\u015bciowej g\u0142uchoty u\u00a0doros\u0142ych, w\u00a02004 zoperowa\u0142 pierwsze w\u00a0\u015bwiecie dziecko. Metoda ta uwa\u017cana za polsk\u0105 specjalno\u015b\u0107 jako \u201emetoda Skar\u017cy\u0144skiego\u201d, do kt\u00f3rej opracowa\u0142 now\u0105 elektrod\u0119 i\u00a0procedur\u0119 kliniczn\u0105, zosta\u0142a wdro\u017cona w\u00a09\u00a0\u015bwiatowych o\u015brodkach. Ponadto wprowadzi\u0142 kilkadziesi\u0105t nowych rozwi\u0105za\u0144 klinicznych co przyczyni\u0142o si\u0119 do rozwoju dziedziny implant\u00f3w s\u0142uchowych, otochirurgii i\u00a0audiologii w Polsce i\u00a0na \u015bwiecie. Inicjator i\u00a0organizator drugiego<br \/>\nw Europie o\u015brodka &#8222;Cochlear Center&#8221; &#8211;\u00a01993, resortowego Instytutu Fizjologii i\u00a0Patologii S\u0142ychu &#8211;\u00a01996, Mi\u0119dzynarodowego Centrum S\u0142uchu i\u00a0Mowy &#8211;\u00a02003. Dzi\u0119ki 2\u00a0dekadom Jego dzia\u0142a\u0144 Polska znajduje si\u0119 w\u00a0\u015bwiatowej czo\u0142\u00f3wce kraj\u00f3w, kt\u00f3re realizuj\u0105 badania przesiewowe s\u0142uchu u\u00a0dzieci.<\/p>\n<p style=\"text-align: justify;\">Autor i\u00a0wsp\u00f3\u0142autor ponad 2500 krajowych i\u00a0zagranicznych doniesie\u0144 naukowych. Prowadzi rozleg\u0142\u0105 dzia\u0142alno\u015b\u0107 edukacyjn\u0105 dla student\u00f3w i\u00a0lekarzy z\u00a0kraju i\u00a0z\u00a0zagranicy.<\/p>\n<p style=\"text-align: justify;\">Profesor Honorowy Uniwersytetu w\u00a0Provo, USA (1998), Doctora honoris causa Akademii Pedagogiki Specjalnej (2011) oraz Uniwersytetu Warszawskiego (2012). Cz\u0142onek najwa\u017cniejszych krajowych i\u00a0zagranicznych towarzystw naukowych &#8211;\u00a0Przewodnicz\u0105cy Komitetu Nauk Klinicznych PAN, honorowy cz\u0142onek polskiego i\u00a0s\u0142owackiego towarzystwa otolaryngolog\u00f3w, pierwszy w\u00a0historii pochodz\u0105cy z\u00a0Polski cz\u0142onek ameryka\u0144skiego towarzystwa otolog\u00f3w American Otological Society, cz\u0142onek CORLAS, POLITZER, ISA, IAO, EAONO i\u00a0EFAS. Laureat nagr\u00f3d pa\u0144stwowych &#8211;\u00a0Premiera, Ministr\u00f3w Zdrowia, Nauki i\u00a0Spraw Zagranicznych, \u015brodowiska medycznego oraz wielu presti\u017cowych nagr\u00f3d krajowych i\u00a0zagranicznych. Odznaczony przez Prezydenta\u00a0RP Krzy\u017cem Kawalerskim, Oficerskim i\u00a0Komandorskim OOP oraz pa\u0144stwowymi odznaczeniami przyznanymi przez Kr\u00f3la Belgii, Prezydenta Gruzji i\u00a0Ukrainy. Honorowy Obywatel Warszawy, a\u00a0tak\u017ce Miasta i\u00a0Gminy Czy\u017cew. W\u00a025-t\u0105 rocznic\u0119 uzyskania przez Polsk\u0119 wolno\u015bci otrzyma\u0142 tytu\u0142 Cz\u0142owieka Wolno\u015bci.<\/p>\n<p style=\"text-align: justify;\">Zainicjowa\u0142 i\u00a0koordynowa\u0142 program \u201eWyr\u00f3wnywania szans dzieci z\u00a0zaburzeniami komunikacyjnymi w\u00a0krajach europejskich\u201d &#8211;\u00a0zagadnienia w\u0142\u0105czonego do priorytetu prezydencji Polski w\u00a0UE. G\u0142\u00f3wny inicjator przyj\u0119cia w\u00a02011 Europejskiego Konsensusu Naukowego w\u00a0tym zakresie &#8211;\u00a0podpisanego przez lider\u00f3w europejskich \u015brodowisk audiolog\u00f3w, foniatr\u00f3w, terapeut\u00f3w mowy i\u00a0okulist\u00f3w. Zwie\u0144czeniem dzia\u0142a\u0144 by\u0142o przyj\u0119cie w\u00a02011 Konkluzji Rady UE nt.\u00a0\u201eWczesnego wykrywania i\u00a0leczenia zaburze\u0144 komunikacyjnych u\u00a0dzieci, z\u00a0uwzgl\u0119dnieniem zastosowania narz\u0119dzi e-zdrowia i\u00a0innowacyjnych rozwi\u0105za\u0144\u201d. Najwi\u0119kszym osi\u0105gni\u0119ciem w\u00a0dzia\u0142alno\u015bci naukowej, klinicznej i\u00a0dydaktycznej by\u0142o przygotowanie koncepcji, wybudowanie i\u00a0uruchomienie \u015awiatowego Centrum S\u0142uchu w\u00a0maju 2012.<\/p>\n","protected":false},"excerpt":{"rendered":"<p>Prof. dr hab. n. med. dr h.c. multi Henryk Skar\u017cy\u0144ski \u015bwiatowej s\u0142awy otochirurg i\u00a0specjalista z otorynolaryngologii, audiologii i foniatrii. Od 1994 Specjalista Krajowy a\u00a0nast\u0119pnie Konsultant Krajowy ds.\u00a0Audiologii i\u00a0Foniatrii, od 2011 Konsultant Krajowy ds.\u00a0Otorynolaryngologii. Pierwszy w\u00a0Polsce wszczepi\u0142 implanty: \u015blimakowe (1992), pniowe (1998), ucha \u015brodkowego (2003). W 2002 opracowa\u0142 po raz pierwszy w\u00a0\u015bwiecie program leczenia cz\u0119\u015bciowej g\u0142uchoty<br \/><a class=\"moretag\" href=\"https:\/\/konsultant-krajowy.pl\/?page_id=160\">+ Read More<\/a><\/p>\n","protected":false},"author":1,"featured_media":0,"parent":26,"menu_order":1,"comment_status":"closed","ping_status":"closed","template":"","meta":{"jetpack_post_was_ever_published":false,"footnotes":""},"class_list":["post-160","page","type-page","status-publish","hentry"],"jetpack_sharing_enabled":true,"jetpack_shortlink":"https:\/\/wp.me\/P7lyFN-2A","_links":{"self":[{"href":"https:\/\/konsultant-krajowy.pl\/index.php?rest_route=\/wp\/v2\/pages\/160"}],"collection":[{"href":"https:\/\/konsultant-krajowy.pl\/index.php?rest_route=\/wp\/v2\/pages"}],"about":[{"href":"https:\/\/konsultant-krajowy.pl\/index.php?rest_route=\/wp\/v2\/types\/page"}],"author":[{"embeddable":true,"href":"https:\/\/konsultant-krajowy.pl\/index.php?rest_route=\/wp\/v2\/users\/1"}],"replies":[{"embeddable":true,"href":"https:\/\/konsultant-krajowy.pl\/index.php?rest_route=%2Fwp%2Fv2%2Fcomments&post=160"}],"version-history":[{"count":1,"href":"https:\/\/konsultant-krajowy.pl\/index.php?rest_route=\/wp\/v2\/pages\/160\/revisions"}],"predecessor-version":[{"id":161,"href":"https:\/\/konsultant-krajowy.pl\/index.php?rest_route=\/wp\/v2\/pages\/160\/revisions\/161"}],"up":[{"embeddable":true,"href":"https:\/\/konsultant-krajowy.pl\/index.php?rest_route=\/wp\/v2\/pages\/26"}],"wp:attachment":[{"href":"https:\/\/konsultant-krajowy.pl\/index.php?rest_route=%2Fwp%2Fv2%2Fmedia&parent=160"}],"curies":[{"name":"wp","href":"https:\/\/api.w.org\/{rel}","templated":true}]}}